{"id":29231,"date":"2023-09-28T07:18:44","date_gmt":"2023-09-28T05:18:44","guid":{"rendered":"https:\/\/digitale.the-expression.ch\/soluciones\/experiencia\/"},"modified":"2025-04-26T21:24:07","modified_gmt":"2025-04-26T19:24:07","slug":"auditorias","status":"publish","type":"page","link":"https:\/\/expression-digitale.com\/es\/soluciones\/auditorias\/","title":{"rendered":"Auditor\u00edas"},"content":{"rendered":"<p>[et_pb_section fb_built=\u00bb1&#8243; admin_label=\u00bbsection\u00bb _builder_version=\u00bb4.16&#8243; global_colors_info=\u00bb{}\u00bb][et_pb_row admin_label=\u00bbrow\u00bb _builder_version=\u00bb4.16&#8243; background_size=\u00bbinitial\u00bb background_position=\u00bbtop_left\u00bb background_repeat=\u00bbrepeat\u00bb global_colors_info=\u00bb{}\u00bb][et_pb_column type=\u00bb4_4&#8243; _builder_version=\u00bb4.16&#8243; custom_padding=\u00bb|||\u00bb global_colors_info=\u00bb{}\u00bb custom_padding__hover=\u00bb|||\u00bb][et_pb_text admin_label=\u00bbText\u00bb _builder_version=\u00bb4.22.2&#8243; background_size=\u00bbinitial\u00bb background_position=\u00bbtop_left\u00bb background_repeat=\u00bbrepeat\u00bb global_colors_info=\u00bb{}\u00bb]<\/p>\n<h1>auditor\u00edas<\/h1>\n<p>&nbsp;<\/p>\n<p>[\/et_pb_text][\/et_pb_column][\/et_pb_row][et_pb_row column_structure=\u00bb1_2,1_2&#8243; module_class=\u00bbmt-50&#8243; _builder_version=\u00bb4.22.2&#8243; _module_preset=\u00bbdefault\u00bb global_colors_info=\u00bb{}\u00bb][et_pb_column type=\u00bb1_2&#8243; _builder_version=\u00bb4.22.2&#8243; _module_preset=\u00bbdefault\u00bb global_colors_info=\u00bb{}\u00bb][et_pb_text _builder_version=\u00bb4.27.4&#8243; _module_preset=\u00bbdefault\u00bb hover_enabled=\u00bb0&#8243; global_colors_info=\u00bb{}\u00bb sticky_enabled=\u00bb0&#8243;]<\/p>\n<h2>Exploramos su sitio como exploradores.<\/h2>\n<p>[\/et_pb_text][\/et_pb_column][et_pb_column type=\u00bb1_2&#8243; _builder_version=\u00bb4.22.2&#8243; _module_preset=\u00bbdefault\u00bb global_colors_info=\u00bb{}\u00bb][et_pb_text _builder_version=\u00bb4.27.4&#8243; _module_preset=\u00bbdefault\u00bb hover_enabled=\u00bb0&#8243; global_colors_info=\u00bb{}\u00bb sticky_enabled=\u00bb0&#8243;]<\/p>\n<p>Si siente la necesidad de llevar su sitio al siguiente nivel, pero no est\u00e1 seguro de c\u00f3mo hacerlo, <strong>podemos ofrecerle una evaluaci\u00f3n en profundidad de su plataforma<\/strong>, examinando cuidadosamente cada elemento clave que la compone.<\/p>\n<p>Gracias a este an\u00e1lisis detallado, <strong>juntos identificaremos las oportunidades de mejora<\/strong> y trazaremos un camino claro hacia un sitio web m\u00e1s optimizado, de mayor rendimiento y acorde con sus ambiciones.<\/p>\n<p>[\/et_pb_text][\/et_pb_column][\/et_pb_row][\/et_pb_section][et_pb_section fb_built=\u00bb1&#8243; admin_label=\u00bbsection\u00bb module_class=\u00bbbg-noir\u00bb _builder_version=\u00bb4.24.2&#8243; background_color=\u00bb#1f1f1f\u00bb custom_margin=\u00bb||100px||false|false\u00bb custom_padding=\u00bb40px||||false|false\u00bb locked=\u00bboff\u00bb global_colors_info=\u00bb{}\u00bb][et_pb_row _builder_version=\u00bb4.27.2&#8243; _module_preset=\u00bbdefault\u00bb global_colors_info=\u00bb{}\u00bb][et_pb_column type=\u00bb4_4&#8243; _builder_version=\u00bb4.27.2&#8243; _module_preset=\u00bbdefault\u00bb global_colors_info=\u00bb{}\u00bb][et_pb_text _builder_version=\u00bb4.27.2&#8243; _module_preset=\u00bbdefault\u00bb global_colors_info=\u00bb{}\u00bb]<\/p>\n<h4>An\u00e1lisis completo de su sitio en formato PDF<\/h4>\n<p>[\/et_pb_text][\/et_pb_column][\/et_pb_row][et_pb_row column_structure=\u00bb1_2,1_2&#8243; module_class=\u00bbmt-50&#8243; _builder_version=\u00bb4.22.2&#8243; _module_preset=\u00bbdefault\u00bb global_colors_info=\u00bb{}\u00bb][et_pb_column type=\u00bb1_2&#8243; _builder_version=\u00bb4.22.2&#8243; _module_preset=\u00bbdefault\u00bb global_colors_info=\u00bb{}\u00bb][et_pb_blurb title=\u00bbErgonom\u00eda\u00bb icon_placement=\u00bbleft\u00bb image_icon_width=\u00bb12px\u00bb content_max_width=\u00bb1100px\u00bb _builder_version=\u00bb4.27.2&#8243; _module_preset=\u00bbdefault\u00bb image_icon_custom_margin=\u00bb3px|||7px|false|false\u00bb width=\u00bb100%\u00bb max_width=\u00bb100%\u00bb locked=\u00bboff\u00bb global_colors_info=\u00bb{}\u00bb]<\/p>\n<ul>\n<li style=\"list-style-type: none;\">\n<ul>\n<li>Navegaci\u00f3n clara e intuitiva<\/li>\n<li>Impacto visual<\/li>\n<li>Contenidos estructurados<\/li>\n<\/ul>\n<\/li>\n<\/ul>\n<p>[\/et_pb_blurb][et_pb_blurb title=\u00bbExperiencia de usuario (UX)\u00bb icon_placement=\u00bbleft\u00bb image_icon_width=\u00bb12px\u00bb content_max_width=\u00bb1100px\u00bb _builder_version=\u00bb4.27.2&#8243; _module_preset=\u00bbdefault\u00bb image_icon_custom_margin=\u00bb3px|||7px|false|false\u00bb width=\u00bb100%\u00bb max_width=\u00bb100%\u00bb locked=\u00bboff\u00bb global_colors_info=\u00bb{}\u00bb]<\/p>\n<ul>\n<li style=\"list-style-type: none;\">\n<ul>\n<li>Compatible con m\u00f3viles<\/li>\n<li>Comprobaci\u00f3n de enlaces rotos<\/li>\n<li>Accesibilidad<\/li>\n<\/ul>\n<\/li>\n<\/ul>\n<p>[\/et_pb_blurb][et_pb_blurb title=\u00bbAn\u00e1lisis t\u00e9cnico\u00bb icon_placement=\u00bbleft\u00bb image_icon_width=\u00bb12px\u00bb content_max_width=\u00bb1100px\u00bb _builder_version=\u00bb4.27.2&#8243; _module_preset=\u00bbdefault\u00bb image_icon_custom_margin=\u00bb3px|||7px|false|false\u00bb width=\u00bb100%\u00bb max_width=\u00bb100%\u00bb min_height=\u00bb95px\u00bb custom_padding=\u00bb||0px|||\u00bb locked=\u00bboff\u00bb global_colors_info=\u00bb{}\u00bb]<\/p>\n<ul>\n<ul>\n<li>Velocidad de carga<\/li>\n<li>Arquitectura del sitio\n<ul>\n<li>Estructura de las URL<\/li>\n<li>Enlaces internos<\/li>\n<li>facilidad de navegaci\u00f3n<\/li>\n<\/ul>\n<\/li>\n<li>Errores de indexaci\u00f3n y exploraci\u00f3n<\/li>\n<li>SSL Secure<\/li>\n<li>Sitemaps<\/li>\n<\/ul>\n<\/ul>\n<p>[\/et_pb_blurb][\/et_pb_column][et_pb_column type=\u00bb1_2&#8243; _builder_version=\u00bb4.22.2&#8243; _module_preset=\u00bbdefault\u00bb global_colors_info=\u00bb{}\u00bb][et_pb_blurb title=\u00bbAn\u00e1lisis del contenido\u00bb icon_placement=\u00bbleft\u00bb image_icon_width=\u00bb12px\u00bb content_max_width=\u00bb1100px\u00bb _builder_version=\u00bb4.27.2&#8243; _module_preset=\u00bbdefault\u00bb image_icon_custom_margin=\u00bb3px|||7px|false|false\u00bb width=\u00bb100%\u00bb max_width=\u00bb100%\u00bb locked=\u00bboff\u00bb global_colors_info=\u00bb{}\u00bb]<\/p>\n<ul>\n<li>Calidad de los contenidos<\/li>\n<li>Optimizaci\u00f3n de palabras clave<\/li>\n<li>Contenido duplicado<\/li>\n<\/ul>\n<p>[\/et_pb_blurb][et_pb_blurb title=\u00bbAn\u00e1lisis de backlinks\u00bb icon_placement=\u00bbleft\u00bb image_icon_width=\u00bb12px\u00bb content_max_width=\u00bb1100px\u00bb _builder_version=\u00bb4.27.2&#8243; _module_preset=\u00bbdefault\u00bb image_icon_custom_margin=\u00bb3px|||7px|false|false\u00bb width=\u00bb100%\u00bb max_width=\u00bb100%\u00bb locked=\u00bboff\u00bb global_colors_info=\u00bb{}\u00bb]<\/p>\n<ul>\n<ul>\n<li>Calidad y cantidad de backlinks (An\u00e1lisis de los enlaces que apuntan a su sitio)<\/li>\n<li>Perfil de enlaces (b\u00fasqueda de enlaces t\u00f3xicos)<\/li>\n<\/ul>\n<\/ul>\n<ul><\/ul>\n<p>[\/et_pb_blurb][et_pb_blurb title=\u00bbOtros datos\u00bb icon_placement=\u00bbleft\u00bb image_icon_width=\u00bb12px\u00bb content_max_width=\u00bb1100px\u00bb _builder_version=\u00bb4.27.2&#8243; _module_preset=\u00bbdefault\u00bb image_icon_custom_margin=\u00bb3px|||7px|false|false\u00bb width=\u00bb100%\u00bb max_width=\u00bb100%\u00bb locked=\u00bboff\u00bb global_colors_info=\u00bb{}\u00bb]<\/p>\n<ul>\n<li style=\"list-style-type: none;\">\n<ul>\n<li>Otros detalles: favicon etc&#8230;<\/li>\n<\/ul>\n<\/li>\n<\/ul>\n<p>[\/et_pb_blurb][et_pb_blurb title=\u00bbConsejos\u00bb icon_placement=\u00bbleft\u00bb image_icon_width=\u00bb12px\u00bb content_max_width=\u00bb1100px\u00bb _builder_version=\u00bb4.27.2&#8243; _module_preset=\u00bbdefault\u00bb image_icon_custom_margin=\u00bb3px|||7px|false|false\u00bb width=\u00bb100%\u00bb max_width=\u00bb100%\u00bb locked=\u00bboff\u00bb global_colors_info=\u00bb{}\u00bb][\/et_pb_blurb][\/et_pb_column][\/et_pb_row][\/et_pb_section]<\/p>\n","protected":false},"excerpt":{"rendered":"<p>auditor\u00edas &nbsp;Exploramos su sitio como exploradores.Si siente la necesidad de llevar su sitio al siguiente nivel, pero no est\u00e1 seguro de c\u00f3mo hacerlo, podemos ofrecerle una evaluaci\u00f3n en profundidad de su plataforma, examinando cuidadosamente cada elemento clave que la compone. Gracias a este an\u00e1lisis detallado, juntos identificaremos las oportunidades de mejora y trazaremos un camino [&hellip;]<\/p>\n","protected":false},"author":1,"featured_media":0,"parent":29222,"menu_order":0,"comment_status":"closed","ping_status":"closed","template":"","meta":{"_et_pb_use_builder":"on","_et_pb_old_content":"","_et_gb_content_width":"","footnotes":""},"class_list":["post-29231","page","type-page","status-publish","hentry"],"aioseo_notices":[],"jetpack_sharing_enabled":true,"_links":{"self":[{"href":"https:\/\/expression-digitale.com\/es\/wp-json\/wp\/v2\/pages\/29231","targetHints":{"allow":["GET"]}}],"collection":[{"href":"https:\/\/expression-digitale.com\/es\/wp-json\/wp\/v2\/pages"}],"about":[{"href":"https:\/\/expression-digitale.com\/es\/wp-json\/wp\/v2\/types\/page"}],"author":[{"embeddable":true,"href":"https:\/\/expression-digitale.com\/es\/wp-json\/wp\/v2\/users\/1"}],"replies":[{"embeddable":true,"href":"https:\/\/expression-digitale.com\/es\/wp-json\/wp\/v2\/comments?post=29231"}],"version-history":[{"count":24,"href":"https:\/\/expression-digitale.com\/es\/wp-json\/wp\/v2\/pages\/29231\/revisions"}],"predecessor-version":[{"id":33638,"href":"https:\/\/expression-digitale.com\/es\/wp-json\/wp\/v2\/pages\/29231\/revisions\/33638"}],"up":[{"embeddable":true,"href":"https:\/\/expression-digitale.com\/es\/wp-json\/wp\/v2\/pages\/29222"}],"wp:attachment":[{"href":"https:\/\/expression-digitale.com\/es\/wp-json\/wp\/v2\/media?parent=29231"}],"curies":[{"name":"wp","href":"https:\/\/api.w.org\/{rel}","templated":true}]}}